{"id":26,"date":"2014-11-03T16:58:17","date_gmt":"2014-11-03T14:58:17","guid":{"rendered":"http:\/\/www.kodia24.at\/wp\/?page_id=26"},"modified":"2021-10-29T10:02:26","modified_gmt":"2021-10-29T08:02:26","slug":"produkte","status":"publish","type":"page","link":"https:\/\/www.kodia24.at\/wp\/?page_id=26","title":{"rendered":"PRODUKTE"},"content":{"rendered":"\n<div>\n<table style=\"border-color: #ffffff; width: 99.166%;\" border=\"0\">\n<tbody>\n<tr>\n<td style=\"width: 15.7333%;\"><strong>Diamantwerkzeuge:<\/strong><\/td>\n<td style=\"width: 21.0774%;\">\n<p style=\"text-align: center;\"><strong>Dr. Schulze GMBH &#8211; Produkte<\/strong><\/p>\n<\/td>\n<td style=\"width: 20.8366%; text-align: center;\">\n<p><strong>Dr. Schulze GMBH &#8211; Bodenbearbeitung<\/strong><\/p>\n<\/td>\n<td style=\"width: 17.3852%; text-align: center;\">\n<p><strong>Norton &#8211; Clipper<\/strong><\/p>\n<\/td>\n<\/tr>\n<tr style=\"border-color: #ffffff; background-color: #ffffff;\">\n<td style=\"width: 15.7333%;\">\n<p>\u00a0<\/p>\n<p>Diamanttrennscheiben<br \/>Diamantbohrkronen<br \/>Diamant-Topffr\u00e4ser<br \/>Schleifwerkzeuge<br \/>Diamantseile<\/p>\n<\/td>\n<td style=\"width: 21.0774%;\">\n<figure><\/figure>\n<figure><a href=\"https:\/\/www.kodia24.at\/wp\/wp-content\/uploads\/2021\/10\/DRS-Produktuebersicht.pdf\" target=\"_blank\" rel=\"noopener\"><img loading=\"lazy\" decoding=\"async\" class=\"wp-image-266 alignnone aligncenter\" src=\"https:\/\/www.kodia24.at\/wp\/wp-content\/uploads\/2021\/10\/DRS-Produktuebersicht-212x300.png\" alt=\"\" width=\"183\" height=\"259\" srcset=\"https:\/\/www.kodia24.at\/wp\/wp-content\/uploads\/2021\/10\/DRS-Produktuebersicht-212x300.png 212w, https:\/\/www.kodia24.at\/wp\/wp-content\/uploads\/2021\/10\/DRS-Produktuebersicht-724x1024.png 724w, https:\/\/www.kodia24.at\/wp\/wp-content\/uploads\/2021\/10\/DRS-Produktuebersicht-768x1087.png 768w, https:\/\/www.kodia24.at\/wp\/wp-content\/uploads\/2021\/10\/DRS-Produktuebersicht.png 826w\" sizes=\"auto, (max-width: 183px) 100vw, 183px\" \/><\/a><\/figure>\n<p style=\"text-align: center;\">\u00a0<\/p>\n<\/td>\n<td style=\"width: 20.8366%; text-align: center;\">\n<figure><a href=\"https:\/\/www.kodia24.at\/wp\/wp-content\/uploads\/2021\/10\/DRS-FLOOR.pdf\" target=\"_blank\" rel=\"noopener\"><img loading=\"lazy\" decoding=\"async\" class=\"wp-image-272 alignnone\" src=\"https:\/\/www.kodia24.at\/wp\/wp-content\/uploads\/2021\/10\/DRS-boden-212x300.png\" alt=\"\" width=\"183\" height=\"259\" srcset=\"https:\/\/www.kodia24.at\/wp\/wp-content\/uploads\/2021\/10\/DRS-boden-212x300.png 212w, https:\/\/www.kodia24.at\/wp\/wp-content\/uploads\/2021\/10\/DRS-boden-724x1024.png 724w, https:\/\/www.kodia24.at\/wp\/wp-content\/uploads\/2021\/10\/DRS-boden-768x1087.png 768w, https:\/\/www.kodia24.at\/wp\/wp-content\/uploads\/2021\/10\/DRS-boden.png 826w\" sizes=\"auto, (max-width: 183px) 100vw, 183px\" \/><\/a><\/figure>\n<p>\u00a0<\/p>\n<\/td>\n<td style=\"width: 17.3852%; text-align: center;\">\n<figure><img loading=\"lazy\" decoding=\"async\" class=\"wp-image-256 alignnone\" src=\"https:\/\/www.kodia24.at\/wp\/wp-content\/uploads\/2021\/02\/norton-clipper-2021-211x300.png\" alt=\"\" width=\"183\" height=\"260\" srcset=\"https:\/\/www.kodia24.at\/wp\/wp-content\/uploads\/2021\/02\/norton-clipper-2021-211x300.png 211w, https:\/\/www.kodia24.at\/wp\/wp-content\/uploads\/2021\/02\/norton-clipper-2021.png 572w\" sizes=\"auto, (max-width: 183px) 100vw, 183px\" \/><\/figure>\n<p><strong>\u00a0<\/strong><\/p>\n<\/td>\n<\/tr>\n<tr>\n<td style=\"width: 15.7333%;\">\n<p>\u00a0<\/p>\n<\/td>\n<td style=\"width: 59.2992%; text-align: center;\" colspan=\"3\">\n<h5>Auf <a href=\"https:\/\/www.kodia24.at\/wp\/?page_id=46\">Anfrage<\/a> senden wir Ihnen gerne ein Angebot mit aktuellem Preis und Lieferzeit.<\/h5>\n<\/td>\n<\/tr>\n<\/tbody>\n<\/table>\n<\/div>\n\n\n\n<figure class=\"wp-block-table\"><table><tbody><tr><td>\n<\/td><\/tr><\/tbody><\/table><\/figure>\n\n\n\n<div class=\"wp-block-image\"><figure class=\"alignright\"><a href=\"https:\/\/www.kodia24.at\/wp\/wp-content\/uploads\/2014\/11\/Multi-1.jpg\"><img loading=\"lazy\" decoding=\"async\" width=\"150\" height=\"150\" src=\"https:\/\/www.kodia24.at\/wp\/wp-content\/uploads\/2014\/11\/Multi-1-150x150.jpg\" alt=\"Multi 1\" class=\"wp-image-91\"\/><\/a><figcaption>Multicutter<\/figcaption><\/figure><\/div>\n\n\n\n<div class=\"wp-block-image\"><figure class=\"alignright\"><a href=\"https:\/\/www.kodia24.at\/wp\/wp-content\/uploads\/2014\/11\/IMG_03121.jpg\"><img loading=\"lazy\" decoding=\"async\" width=\"150\" height=\"150\" src=\"https:\/\/www.kodia24.at\/wp\/wp-content\/uploads\/2014\/11\/IMG_03121-150x150.jpg\" alt=\"IMG_0312[1]\" class=\"wp-image-90\" srcset=\"https:\/\/www.kodia24.at\/wp\/wp-content\/uploads\/2014\/11\/IMG_03121-150x150.jpg 150w, https:\/\/www.kodia24.at\/wp\/wp-content\/uploads\/2014\/11\/IMG_03121-300x297.jpg 300w, https:\/\/www.kodia24.at\/wp\/wp-content\/uploads\/2014\/11\/IMG_03121.jpg 629w\" sizes=\"auto, (max-width: 150px) 100vw, 150px\" \/><\/a><figcaption>Diamanttrennscheibe f\u00fcr Beton<\/figcaption><\/figure><\/div>\n\n\n\n<div class=\"wp-block-image\"><figure class=\"alignright\"><a href=\"https:\/\/www.kodia24.at\/wp\/wp-content\/uploads\/2014\/11\/ECONO.jpg\"><img loading=\"lazy\" decoding=\"async\" width=\"150\" height=\"150\" src=\"https:\/\/www.kodia24.at\/wp\/wp-content\/uploads\/2014\/11\/ECONO-150x150.jpg\" alt=\"ECONO\" class=\"wp-image-89\"\/><\/a><figcaption>Diamanttrennscheibe f\u00fcr Winkelschleifer<\/figcaption><\/figure><\/div>\n\n\n\n<div class=\"wp-block-image\"><figure class=\"alignright\"><a href=\"https:\/\/www.kodia24.at\/wp\/wp-content\/uploads\/2014\/11\/Rubber-1.jpg\"><img loading=\"lazy\" decoding=\"async\" width=\"150\" height=\"150\" src=\"https:\/\/www.kodia24.at\/wp\/wp-content\/uploads\/2014\/11\/Rubber-1-150x150.jpg\" alt=\"Rubber 1\" class=\"wp-image-93\"\/><\/a><figcaption>Diamantschleiftopf Type TURBO RUBBER<\/figcaption><\/figure><\/div>\n\n\n\n<div class=\"wp-block-image\"><figure class=\"alignright\"><a href=\"https:\/\/www.kodia24.at\/wp\/wp-content\/uploads\/2014\/11\/Trockenbohrkrone.jpg\"><img loading=\"lazy\" decoding=\"async\" width=\"150\" height=\"150\" src=\"https:\/\/www.kodia24.at\/wp\/wp-content\/uploads\/2014\/11\/Trockenbohrkrone-150x150.jpg\" alt=\"Trockenbohrkrone\" class=\"wp-image-94\"\/><\/a><figcaption>Trockenbohrkrone<\/figcaption><\/figure><\/div>\n\n\n\n<p>Wir liefern auch Diamantwerkzeuge die speziell f\u00fcr Ihren Anwendungsfall in punkto Material, Maschine,\u2026 entwickelt werden!<\/p>\n\n\n\n<ul class=\"wp-block-list\"><li>\n<p style=\"text-align: left;\"><strong>Maschinen:<\/strong><br>Unsere Produktpalette umfasst Maschinen aus dem Bereich Fugenschneider, Steintrennmaschinen, Kernbohrger\u00e4te, Bodenschleifmaschinen, Seils\u00e4gen, Wands\u00e4gen der Firmen Dr. Schulze, Norton\/Clipper und der Firma Bourk. Selbstverst\u00e4ndlich erhalten Sie bei uns auch alle Ersatzteile zu diesen Maschinen.<\/p>\n<p style=\"text-align: left;\"><span style=\"background-color: #ffcc00;\"><strong><span style=\"font-size: 12pt;\">SCHAUMBETON ist ein Thema f\u00fcr Sie?<\/span><br><\/strong><\/span><\/p>\n<p style=\"text-align: left;\"><strong>Fordern Sie unverbindlich ein Angebot f\u00fcr entsprechende Produktionsmaschinen an!<\/strong><\/p>\n<p style=\"text-align: left;\"><span style=\"font-size: 8pt;\"><sup>*<\/sup> Als <b>Schaumbeton<\/b> wird ein Beton bezeichnet, der unter Verwendung von Schaum- oder Luftporenbildnern hergestellt wird und eine Rohdichte von 0,4 bis 1,6 kg\/dm\u00b3 aufweist. Die Anwendungsgebiete f\u00fcr Schaumbeton sind beispielsweise als F\u00fcllmaterial im Erd- und Tiefbau oder als gewichtsreduzierende und\/oder w\u00e4rmed\u00e4mmende Zwischenlagen, wie sie auch bei Flachd\u00e4chern zum Einsatz kommen.<\/span><\/p>\n<p style=\"text-align: left;\"><span style=\"font-size: 8pt;\">Er ist nicht zu verwechseln mit dem Porenbeton.<br>(Quelle: wikipedia.de)<\/span><\/p>\n<\/li><li>\n<p><strong>Tenax-Sicherheitsverschl\u00fcsse:<\/strong><br>Besuchen Sie unseren <a href=\"http:\/\/www.tenax24.at\" target=\"_blank\" rel=\"noopener noreferrer\">Onlineshop<\/a>!<\/p>\n<\/li><li>\n<p><strong>Edelstahlschrauben:<\/strong><br>Edelstahl-Holzbauschrauben und Edelstahl-Terrassenschrauben finden Sie in unserem Onlineshop auf <a href=\"https:\/\/www.willhaben.at\/iad\/bap\/webstore\/shop?orgId=21800028\" target=\"_blank\" rel=\"noopener noreferrer\">Willhaben<br><\/a>Alle anderen Edelstahl-Schrauben, -Muttern,\u2026 bieten wir Ihnen gerne an!<\/p>\n<\/li><li>\n<p>Auf unserer Homepage <a href=\"http:\/\/www.marinepoint.at\" target=\"_blank\" rel=\"noopener noreferrer\">www.marinepoint.at<\/a> informieren wir Sie \u00fcber unser Angebot im Bereich <strong>Boots- und Yachtzubeh\u00f6r<\/strong>!<\/p>\n<\/li><\/ul>\n","protected":false},"excerpt":{"rendered":"<p>Diamantwerkzeuge: Dr. Schulze GMBH &#8211; Produkte Dr. Schulze GMBH &#8211; Bodenbearbeitung Norton &#8211; Clipper \u00a0 DiamanttrennscheibenDiamantbohrkronenDiamant-Topffr\u00e4serSchleifwerkzeugeDiamantseile \u00a0 \u00a0 \u00a0 \u00a0 Auf Anfrage senden wir Ihnen gerne ein Angebot mit aktuellem Preis und Lieferzeit. Wir liefern auch Diamantwerkzeuge die speziell f\u00fcr Ihren Anwendungsfall in punkto Material, Maschine,\u2026 entwickelt werden! Maschinen:Unsere Produktpalette umfasst Maschinen aus dem Bereich &hellip; <\/p>\n<p><a class=\"more-link btn\" href=\"https:\/\/www.kodia24.at\/wp\/?page_id=26\">Weiterlesen<\/a><\/p>\n","protected":false},"author":1,"featured_media":0,"parent":0,"menu_order":3,"comment_status":"closed","ping_status":"open","template":"","meta":{"footnotes":""},"class_list":["post-26","page","type-page","status-publish","hentry","nodate","item-wrap"],"_links":{"self":[{"href":"https:\/\/www.kodia24.at\/wp\/index.php?rest_route=\/wp\/v2\/pages\/26","targetHints":{"allow":["GET"]}}],"collection":[{"href":"https:\/\/www.kodia24.at\/wp\/index.php?rest_route=\/wp\/v2\/pages"}],"about":[{"href":"https:\/\/www.kodia24.at\/wp\/index.php?rest_route=\/wp\/v2\/types\/page"}],"author":[{"embeddable":true,"href":"https:\/\/www.kodia24.at\/wp\/index.php?rest_route=\/wp\/v2\/users\/1"}],"replies":[{"embeddable":true,"href":"https:\/\/www.kodia24.at\/wp\/index.php?rest_route=%2Fwp%2Fv2%2Fcomments&post=26"}],"version-history":[{"count":72,"href":"https:\/\/www.kodia24.at\/wp\/index.php?rest_route=\/wp\/v2\/pages\/26\/revisions"}],"predecessor-version":[{"id":297,"href":"https:\/\/www.kodia24.at\/wp\/index.php?rest_route=\/wp\/v2\/pages\/26\/revisions\/297"}],"wp:attachment":[{"href":"https:\/\/www.kodia24.at\/wp\/index.php?rest_route=%2Fwp%2Fv2%2Fmedia&parent=26"}],"curies":[{"name":"wp","href":"https:\/\/api.w.org\/{rel}","templated":true}]}}